{"id":14,"date":"2022-01-30T20:38:39","date_gmt":"2022-01-30T20:38:39","guid":{"rendered":"https:\/\/infragate.se\/?page_id=14"},"modified":"2022-12-14T16:12:21","modified_gmt":"2022-12-14T16:12:21","slug":"om","status":"publish","type":"page","link":"https:\/\/infragate.se\/index.php\/om\/","title":{"rendered":"Om"},"content":{"rendered":"\n<p>INFRAGATE AB startades sommaren 2021, vi arbetar prim\u00e4rt inom IT-omr\u00e5det d\u00e4r vi erbjuder IT-support till f\u00f6retag och privatpersoner. Vi har idag serviceavtal mot flera f\u00f6retag och agerar som deras egna IT-avdelning. S\u00e4kerhet ligger varmt om v\u00e5ra hj\u00e4rtan, vi installerar och underh\u00e5ller s\u00e4kerhetssystem som inbrottslarm, passagesystem samt kamera\u00f6vervakning.<\/p>\n\n\n\n<p><a href=\"https:\/\/www.enterprisemagazine.se\/nyheter\/artikel\/it-support-for-foretag-och-privatpersoner\">L\u00e4s g\u00e4rna v\u00e5r artikel p\u00e5 Enterprise Magazine f\u00f6r att l\u00e4ra dig mer om oss.<\/a><\/p>\n","protected":false},"excerpt":{"rendered":"<p>INFRAGATE AB startades sommaren 2021, vi arbetar prim\u00e4rt inom IT-omr\u00e5det d\u00e4r vi erbjuder IT-support till f\u00f6retag och privatpersoner. Vi har idag serviceavtal mot flera f\u00f6retag och agerar som deras egna IT-avdelning. S\u00e4kerhet ligger varmt om v\u00e5ra hj\u00e4rtan, vi installerar och underh\u00e5ller s\u00e4kerhetssystem som inbrottslarm, passagesystem samt kamera\u00f6vervakning. L\u00e4s g\u00e4rna v\u00e5r artikel p\u00e5 Enterprise Magazine f\u00f6r [&hellip;]<\/p>\n","protected":false},"author":1,"featured_media":0,"parent":0,"menu_order":0,"comment_status":"closed","ping_status":"closed","template":"","meta":{"footnotes":""},"class_list":["post-14","page","type-page","status-publish","hentry"],"_links":{"self":[{"href":"https:\/\/infragate.se\/index.php\/wp-json\/wp\/v2\/pages\/14","targetHints":{"allow":["GET"]}}],"collection":[{"href":"https:\/\/infragate.se\/index.php\/wp-json\/wp\/v2\/pages"}],"about":[{"href":"https:\/\/infragate.se\/index.php\/wp-json\/wp\/v2\/types\/page"}],"author":[{"embeddable":true,"href":"https:\/\/infragate.se\/index.php\/wp-json\/wp\/v2\/users\/1"}],"replies":[{"embeddable":true,"href":"https:\/\/infragate.se\/index.php\/wp-json\/wp\/v2\/comments?post=14"}],"version-history":[{"count":3,"href":"https:\/\/infragate.se\/index.php\/wp-json\/wp\/v2\/pages\/14\/revisions"}],"predecessor-version":[{"id":79,"href":"https:\/\/infragate.se\/index.php\/wp-json\/wp\/v2\/pages\/14\/revisions\/79"}],"wp:attachment":[{"href":"https:\/\/infragate.se\/index.php\/wp-json\/wp\/v2\/media?parent=14"}],"curies":[{"name":"wp","href":"https:\/\/api.w.org\/{rel}","templated":true}]}}