{"id":15,"date":"2022-01-30T20:38:39","date_gmt":"2022-01-30T20:38:39","guid":{"rendered":"https:\/\/infragate.se\/?page_id=15"},"modified":"2022-11-01T11:00:34","modified_gmt":"2022-11-01T11:00:34","slug":"kontakt","status":"publish","type":"page","link":"https:\/\/infragate.se\/index.php\/kontakt\/","title":{"rendered":"Kontakt"},"content":{"rendered":"\n<figure class=\"wp-block-image size-full is-resized\"><img loading=\"lazy\" decoding=\"async\" src=\"https:\/\/infragate.se\/wp-content\/uploads\/2022\/01\/Infragate_120px.jpg\" alt=\"\" class=\"wp-image-36\" width=\"156\" height=\"62\"\/><\/figure>\n\n\n\n<h2 class=\"wp-block-heading\">Bes\u00f6ksadress<\/h2>\n\n\n\n<p>Tegskiftesv\u00e4gen 1, 291 73 \u00d6nnestad.<\/p>\n\n\n\n<h2 class=\"wp-block-heading\">Telefon<\/h2>\n\n\n\n<p>Hampus: 076 1919 850<\/p>\n\n\n\n<p>Emil:       076 1919 620<\/p>\n\n\n\n<h2 class=\"wp-block-heading\">E-post<\/h2>\n\n\n\n<p>info@infragate.se<\/p>\n","protected":false},"excerpt":{"rendered":"<p>Bes\u00f6ksadress Tegskiftesv\u00e4gen 1, 291 73 \u00d6nnestad. Telefon Hampus: 076 1919 850 Emil: 076 1919 620 E-post info@infragate.se<\/p>\n","protected":false},"author":1,"featured_media":0,"parent":0,"menu_order":0,"comment_status":"closed","ping_status":"closed","template":"","meta":{"footnotes":""},"class_list":["post-15","page","type-page","status-publish","hentry"],"_links":{"self":[{"href":"https:\/\/infragate.se\/index.php\/wp-json\/wp\/v2\/pages\/15","targetHints":{"allow":["GET"]}}],"collection":[{"href":"https:\/\/infragate.se\/index.php\/wp-json\/wp\/v2\/pages"}],"about":[{"href":"https:\/\/infragate.se\/index.php\/wp-json\/wp\/v2\/types\/page"}],"author":[{"embeddable":true,"href":"https:\/\/infragate.se\/index.php\/wp-json\/wp\/v2\/users\/1"}],"replies":[{"embeddable":true,"href":"https:\/\/infragate.se\/index.php\/wp-json\/wp\/v2\/comments?post=15"}],"version-history":[{"count":3,"href":"https:\/\/infragate.se\/index.php\/wp-json\/wp\/v2\/pages\/15\/revisions"}],"predecessor-version":[{"id":66,"href":"https:\/\/infragate.se\/index.php\/wp-json\/wp\/v2\/pages\/15\/revisions\/66"}],"wp:attachment":[{"href":"https:\/\/infragate.se\/index.php\/wp-json\/wp\/v2\/media?parent=15"}],"curies":[{"name":"wp","href":"https:\/\/api.w.org\/{rel}","templated":true}]}}